




{"id":12,"date":"2019-06-26T02:00:32","date_gmt":"2019-06-26T05:00:32","guid":{"rendered":"http:\/\/curriculo-uerj.web278.uni5.net\/sitenovo\/?page_id=12"},"modified":"2019-08-29T11:36:24","modified_gmt":"2019-08-29T14:36:24","slug":"textos","status":"publish","type":"page","link":"https:\/\/curriculo-uerj.pro.br\/en\/textos\/","title":{"rendered":"Texts"},"content":{"rendered":"<p>The results of the group`s work had been socialized and discussed in qualified cientific forums and had been published in national and international journals and books, because it is understood that is a social responsability of the University to publish the cientific production among society. The group had also participated in seminars and presentations for learning networks, social movements and had also publish texts.<\/p>\n<p><ul class=\"lista listagem\"><a href=\"https:\/\/curriculo-uerj.pro.br\/en\/textos\/posicionamento-sobre-a-medida-provisoria-746-2016-sobre-o-ensino-medio\/\"><li class=\"clear\"><h3>Posicionamento sobre a Medida Provis\u00f3ria 746\/2016 sobre o ensino m\u00e9dio<\/h3><strong>Data da Publica\u00e7\u00e3o: <\/strong>2017-02-19<br \\><strong>PDF: <\/strong> https:\/\/curriculo-uerj.pro.br\/wp-content\/uploads\/posicionamento-sobre-a-medida-provisoria-7462016-sobre-o-ensino-medio.pdf<br \\><\/li><\/a><a href=\"https:\/\/curriculo-uerj.pro.br\/en\/textos\/politicas-de-integracao-curricular\/\"><li class=\"clear\"><h3>Pol\u00edticas de integra\u00e7\u00e3o curricular<\/h3><strong>Data da Publica\u00e7\u00e3o: <\/strong>2013-07-20<br \\><strong>PDF: <\/strong> https:\/\/curriculo-uerj.pro.br\/wp-content\/uploads\/Pol\u00edticas-de-integra\u00e7\u00e3o-curricular.pdf<br \\><\/li><\/a><a href=\"https:\/\/curriculo-uerj.pro.br\/en\/textos\/programacao-escola-de-altos-estudos-professor-doutor-william-pinar\/\"><li class=\"clear\"><h3>Programa\u00e7\u00e3o Escola de Altos Estudos Professor Doutor William Pinar<\/h3><strong>PDF: <\/strong> https:\/\/curriculo-uerj.pro.br\/wp-content\/uploads\/Programa\u00e7\u00e3o-Escola-de-Altos-Estudos-Professor-Doutor-William-Pinar.pdf<br \\><\/li><\/a><a href=\"https:\/\/curriculo-uerj.pro.br\/en\/textos\/curriculum-policy-recontextualization-and-hybridism\/\"><li class=\"clear\"><h3>Curriculum Policy Recontextualization and Hybridism<\/h3><strong>PDF: <\/strong> https:\/\/curriculo-uerj.pro.br\/wp-content\/uploads\/Curriculum-Policy-Recontextualization-and-Hybridism.pdf<br \\><\/li><\/a><a href=\"https:\/\/curriculo-uerj.pro.br\/en\/textos\/possibilidades-de-curriculo-integrado\/\"><li class=\"clear\"><h3>Possibilidades de curr\u00edculo integrado<\/h3><strong>PDF: <\/strong> https:\/\/curriculo-uerj.pro.br\/wp-content\/uploads\/Possibilidades-de-curr\u00edculo-integrado.pdf<br \\><\/li><\/a><a href=\"https:\/\/curriculo-uerj.pro.br\/en\/textos\/the-internationalization-of-the-curriculum-studies\/\"><li class=\"clear\"><h3>The internationalization of the curriculum studies<\/h3><strong>PDF: <\/strong> https:\/\/curriculo-uerj.pro.br\/wp-content\/uploads\/The-internationalization-of-the-curriculum-studies.pdf<br \\><\/li><\/a><a href=\"https:\/\/curriculo-uerj.pro.br\/en\/textos\/conhecimento-escolar-ciencia-e-cotidiano\/\"><li class=\"clear\"><h3>Conhecimento escolar ci\u00eancia e cotidiano<\/h3><strong>PDF: <\/strong> https:\/\/curriculo-uerj.pro.br\/wp-content\/uploads\/Conhecimento-escolar-ci\u00eancia-e-cotidiano.pdf<br \\><\/li><\/a><a href=\"https:\/\/curriculo-uerj.pro.br\/en\/textos\/comentarios-sobre-o-livro-conhecimento-escolar-ciencia-e-cotidiano\/\"><li class=\"clear\"><h3>Coment\u00e1rios sobre o livro Conhecimento escolar: ci\u00eancia e cotidiano<\/h3><strong>PDF: <\/strong> https:\/\/curriculo-uerj.pro.br\/wp-content\/uploads\/Coment\u00e1rios-sobre-o-livro-Conhecimento-escolar-ci\u00eancia-e-cotidiano.pdf<br \\><\/li><\/a><a href=\"https:\/\/curriculo-uerj.pro.br\/en\/textos\/transnational-curriculum-inquiry-tci\/\"><li class=\"clear\"><h3>Transnational Curriculum Inquiry (TCI)<\/h3><strong>PDF: <\/strong> https:\/\/curriculo-uerj.pro.br\/wp-content\/uploads\/Transnational-Curriculum-Inquiry-TCI.pdf<br \\><\/li><\/a><a href=\"https:\/\/curriculo-uerj.pro.br\/en\/textos\/glossario-do-livro-teoria-de-curriculo-editora-cortez\/\"><li class=\"clear\"><h3>Gloss\u00e1rio do livro Teoria de Curr\u00edculo, Editora Cortez<\/h3><strong>PDF: <\/strong> https:\/\/curriculo-uerj.pro.br\/wp-content\/uploads\/Gloss\u00e1rio-do-livro-Teoria-de-Curr\u00edculo-Editora-Cortez.pdf<br \\><\/li><\/a><\/ul><div class=\"clear\"><\/div><\/p>","protected":false},"excerpt":{"rendered":"<p>The results of the group`s work had been socialized and discussed in qualified cientific forums and had been published in national and international journals and books, because it is understood that is a social responsability of the University to publish the cientific production among society. The group had also participated in seminars and presentations for [&hellip;]<\/p>\n","protected":false},"author":1,"featured_media":0,"parent":0,"menu_order":0,"comment_status":"closed","ping_status":"closed","template":"","meta":{"footnotes":""},"class_list":["post-12","page","type-page","status-publish","hentry"],"_links":{"self":[{"href":"https:\/\/curriculo-uerj.pro.br\/en\/wp-json\/wp\/v2\/pages\/12","targetHints":{"allow":["GET"]}}],"collection":[{"href":"https:\/\/curriculo-uerj.pro.br\/en\/wp-json\/wp\/v2\/pages"}],"about":[{"href":"https:\/\/curriculo-uerj.pro.br\/en\/wp-json\/wp\/v2\/types\/page"}],"author":[{"embeddable":true,"href":"https:\/\/curriculo-uerj.pro.br\/en\/wp-json\/wp\/v2\/users\/1"}],"replies":[{"embeddable":true,"href":"https:\/\/curriculo-uerj.pro.br\/en\/wp-json\/wp\/v2\/comments?post=12"}],"version-history":[{"count":5,"href":"https:\/\/curriculo-uerj.pro.br\/en\/wp-json\/wp\/v2\/pages\/12\/revisions"}],"predecessor-version":[{"id":315,"href":"https:\/\/curriculo-uerj.pro.br\/en\/wp-json\/wp\/v2\/pages\/12\/revisions\/315"}],"wp:attachment":[{"href":"https:\/\/curriculo-uerj.pro.br\/en\/wp-json\/wp\/v2\/media?parent=12"}],"curies":[{"name":"wp","href":"https:\/\/api.w.org\/{rel}","templated":true}]}}