




{"id":16,"date":"2019-06-26T02:02:00","date_gmt":"2019-06-26T05:02:00","guid":{"rendered":"http:\/\/curriculo-uerj.web278.uni5.net\/sitenovo\/?page_id=16"},"modified":"2019-08-29T11:30:56","modified_gmt":"2019-08-29T14:30:56","slug":"internacionalizacao","status":"publish","type":"page","link":"https:\/\/curriculo-uerj.pro.br\/es\/internacionalizacao\/","title":{"rendered":"Internacionalizacion"},"content":{"rendered":"<p class=\"qtranxs-available-languages-message qtranxs-available-languages-message-es\">Disculpa, pero esta entrada est\u00e1 disponible s\u00f3lo en <a href=\"https:\/\/curriculo-uerj.pro.br\/pb\/wp-json\/wp\/v2\/pages\/16\" class=\"qtranxs-available-language-link qtranxs-available-language-link-pb\" title=\"Portugu\u00eas do Brasil\">Portugu\u00eas do Brasil<\/a>. For the sake of viewer convenience, the content is shown below in the alternative language. You may click the link to switch the active language.<\/p><p><ul class=\"lista listagem\"><a href=\"https:\/\/curriculo-uerj.pro.br\/es\/internacionalizacao\/capes-print-proped-uerj-2019-2020\/\"><li class=\"clear\"><h3>CAPES PrInt ProPEd Uerj<\/h3>Disculpa, pero esta entrada est\u00e1 disponible s\u00f3lo en Portugu\u00eas do Brasil y English. For the sake of viewer convenience, the content is shown below in this site default language. You may click one of the links to switch the site language to another available language. O tema Pol\u00edticas de curr\u00edculo articula a linha de pesquisa [&hellip;]<br \\><strong>In\u00edcio: <\/strong>2019<br \/><strong>Coordenador(a): <\/strong>Alice Casimiro Lopes<br \/><strong>Financiamentos: <\/strong>Capes PrInt\/Uerj, Faperj, <br \\><\/li><\/a><\/ul><div class=\"clear\"><\/div><\/p>","protected":false},"excerpt":{"rendered":"","protected":false},"author":1,"featured_media":290,"parent":0,"menu_order":0,"comment_status":"closed","ping_status":"closed","template":"page-templates\/right-sidebar.php","meta":{"footnotes":""},"class_list":["post-16","page","type-page","status-publish","has-post-thumbnail","hentry"],"_links":{"self":[{"href":"https:\/\/curriculo-uerj.pro.br\/es\/wp-json\/wp\/v2\/pages\/16","targetHints":{"allow":["GET"]}}],"collection":[{"href":"https:\/\/curriculo-uerj.pro.br\/es\/wp-json\/wp\/v2\/pages"}],"about":[{"href":"https:\/\/curriculo-uerj.pro.br\/es\/wp-json\/wp\/v2\/types\/page"}],"author":[{"embeddable":true,"href":"https:\/\/curriculo-uerj.pro.br\/es\/wp-json\/wp\/v2\/users\/1"}],"replies":[{"embeddable":true,"href":"https:\/\/curriculo-uerj.pro.br\/es\/wp-json\/wp\/v2\/comments?post=16"}],"version-history":[{"count":4,"href":"https:\/\/curriculo-uerj.pro.br\/es\/wp-json\/wp\/v2\/pages\/16\/revisions"}],"predecessor-version":[{"id":311,"href":"https:\/\/curriculo-uerj.pro.br\/es\/wp-json\/wp\/v2\/pages\/16\/revisions\/311"}],"wp:featuredmedia":[{"embeddable":true,"href":"https:\/\/curriculo-uerj.pro.br\/es\/wp-json\/wp\/v2\/media\/290"}],"wp:attachment":[{"href":"https:\/\/curriculo-uerj.pro.br\/es\/wp-json\/wp\/v2\/media?parent=16"}],"curies":[{"name":"wp","href":"https:\/\/api.w.org\/{rel}","templated":true}]}}