




{"id":172,"date":"2019-08-14T19:35:50","date_gmt":"2019-08-14T22:35:50","guid":{"rendered":"http:\/\/curriculo-uerj.web278.uni5.net\/sitenovo\/?page_id=172"},"modified":"2019-08-29T11:33:22","modified_gmt":"2019-08-29T14:33:22","slug":"atividades","status":"publish","type":"page","link":"https:\/\/curriculo-uerj.pro.br\/es\/atividades\/","title":{"rendered":"Actividades"},"content":{"rendered":"<ul class=\"lista noticias\"><a href=\"https:\/\/curriculo-uerj.pro.br\/es\/atividades\/daniel-friedrich-do-teachers-college-columbia-university\/\"><li><div class=\"thumb\" style=\"background-image: url(https:\/\/curriculo-uerj.pro.br\/wp-content\/uploads\/photo-2022-11-07-14-19-25-300x226.jpg);\"><\/div><h3>Daniel Friedrich do Teachers College, Columbia University<\/h3>Disculpa, pero esta entrada est\u00e1 disponible s\u00f3lo en Portugu\u00eas do Brasil. For the sake of viewer convenience, the content is shown below in the alternative language. You may click the link to switch the active language. &nbsp; O professor Daniel Friedrich do Teachers College, Columbia University, EUA, esteve presente entre os dias 4 e 11 [&hellip;]<\/li><\/a><a href=\"https:\/\/curriculo-uerj.pro.br\/es\/atividades\/prof-antonio-borralho-no-proped-uerj\/\"><li><div class=\"thumb\" style=\"background-image: url(https:\/\/curriculo-uerj.pro.br\/wp-content\/uploads\/whatsapp-image-2022-10-17-at-09-02-03-2-225x300.jpeg);\"><\/div><h3>Prof Ant\u00f3nio Borralho no ProPEd Uerj<\/h3>El Prof. Antonio Manuel \u00c1guas Borralho, estudioso de la Evaluaci\u00f3n Educativa en el Departamento de Pedagog\u00eda y Educaci\u00f3n del Centro de Investigaci\u00f3n en Educaci\u00f3n y Psicolog\u00eda de la Universidad de \u00c9vora Educaci\u00f3n, estuvo en Brasil entre el 17 y el 25 de septiembre de 2022, para realizar actividades en ProPEd \/ Uerj, junto con la [&hellip;]<\/li><\/a><a href=\"https:\/\/curriculo-uerj.pro.br\/es\/atividades\/research-and-development-in-testing-national-and-international-in-mathematics-education\/\"><li><div class=\"thumb\" style=\"background-image: url(https:\/\/curriculo-uerj.pro.br\/wp-content\/uploads\/capa-2.png);\"><\/div><h3>PESQUISA E DESENVOLVIMENTO EM TESTES (NACIONAIS E INTERNACIONAIS) NA EDUCA\u00c7\u00c3O MATEM\u00c1TICA<\/h3>Disculpa, pero esta entrada est\u00e1 disponible s\u00f3lo en Portugu\u00eas do Brasil y English. For the sake of viewer convenience, the content is shown below in this site default language. You may click one of the links to switch the site language to another available language. &nbsp; &nbsp; ICME 14 &#8211; 14th International\u00a0Congress on Mathematical\u00a0Education. https:\/\/www.icme14.org\/static\/en\/index.html?v=32012677995<\/li><\/a><a href=\"https:\/\/curriculo-uerj.pro.br\/es\/atividades\/missao-capes-print-porto-barcelona\/\"><li><div class=\"thumb\" style=\"background-image: url(https:\/\/curriculo-uerj.pro.br\/wp-content\/uploads\/img-20220913-wa0057-300x225.jpg);\"><\/div><h3>Missi\u00f3n Capes PrInt &#8211; Porto Barcelona<\/h3>La Prof. Alice Casimiro Lopes particip\u00f3 entre el 5 y el 16 de septiembre en una misi\u00f3n Capes PrInt que incluy\u00f3: reuni\u00f3n de investigaci\u00f3n con el Prof. Jos\u00e9 Augusto Pacheco, en UMinho, Braga; reuni\u00f3n de investigaci\u00f3n con professores de la Faculdade de Psicologia e Ci\u00eancias da Educa\u00e7\u00e3o da Universidade do Porto (Am\u00e9lia Lopes, Ant\u00f3nio Magalh\u00e3es, [&hellip;]<\/li><\/a><a href=\"https:\/\/curriculo-uerj.pro.br\/es\/atividades\/participacao-na-vi-iaacs-melbourne-university\/\"><li><div class=\"thumb\" style=\"background-image: url(https:\/\/curriculo-uerj.pro.br\/wp-content\/uploads\/IAACS-Melbourne-2018-2-300x200.jpg);\"><\/div><h3>VII Conferencia de IAACS, Melbourne, Australia<\/h3>En diciembre de 2018, las investigadoras Alice Casimiro Lopes, Elizabeth Macedo y Rita Frangella participaron em intercambios de investigaci\u00f3n en VI IAACS en la Universidad de Melbourne, Australia. En esta oportunidad, adem\u00e1s de establecer asociaciones con los investigadores australianos y norteamericanos presentes en la conferencia, en particular Bill Green, de la Universidad de Melbourne, y [&hellip;]<\/li><\/a><a href=\"https:\/\/curriculo-uerj.pro.br\/es\/atividades\/prof-jason-glynos-universidade-de-essex-professor-visitante-no-brasil\/\"><li><div class=\"thumb\" style=\"background-image: url(https:\/\/curriculo-uerj.pro.br\/wp-content\/uploads\/whatsapp-image-2019-08-29-at-19-55-56-225x300.jpeg);\"><\/div><h3>Prof. Jason Glynos, Universidad de Essex, professor visitante en Brasil, Capes PrInt ProPEd Uerj<\/h3>Prof. Jason Glynos, estudioso de la Teor\u00eda del Discurso en la Escuela de Gobierno de la Universidad de Essex, estuvo en Brasil entre el 22 de agosto y el 7 de septiembre de 2019, para actividades en ProPEd\/UERJ, en la l\u00ednea de investigaci\u00f3n Curriculum: sujetos, conocimiento y cultura . El profesor Jason dio conferencias y [&hellip;]<\/li><\/a><a href=\"https:\/\/curriculo-uerj.pro.br\/es\/atividades\/missao-de-trabalho-inglaterra\/\"><li><div class=\"thumb\" style=\"background-image: url(https:\/\/curriculo-uerj.pro.br\/wp-content\/uploads\/Essex-England-2019-2-300x225.jpg);\"><\/div><h3>Conference in Ideology and Discourse Analysis-CIDA\/University of Essex, UK &#8211; Capes PrInt ProPEd Uerj<\/h3>Investigadora brasile\u00f1a: Veronica Borges Investigadores extranjeros involucrados: David Howarth y Jason Glynos Universidad visitada: Departamento de Gobierno, Universidad de Essex, Colchester, Inglaterra Per\u00edodo: 29 de mayo al 05 de junio de 2019 Actividades: participaci\u00f3n en la Conference in Ideology and Discourse Analysis &#8211; CIDA &#8211; University of Essex, UK; Reuni\u00f3n de Investigaci\u00f3n &nbsp;<\/li><\/a><a href=\"https:\/\/curriculo-uerj.pro.br\/es\/atividades\/missao-de-trabalho-portugal\/\"><li><div class=\"thumb\" style=\"background-image: url(https:\/\/curriculo-uerj.pro.br\/wp-content\/uploads\/img_6256-300x225.jpg);\"><\/div><h3>Universidad de Oporto y la Universidad de Lisboa &#8211; Capes PrInt ProPEd Uerj<\/h3>Investigadora brasile\u00f1a: Veronica Borges Investigadores extranjeros involucrados: Carlinda Leite Universidad visitada: Universidad de Oporto, Portugal Per\u00edodo: del 11 al 14 de junio de 2019 Actividades: reuniones de investigaci\u00f3n en la Universidad de Oporto y la Universidad de Lisboa<\/li><\/a><a href=\"https:\/\/curriculo-uerj.pro.br\/es\/atividades\/missao-de-trabalho-irlanda\/\"><li><div class=\"thumb\" style=\"background-image: url(https:\/\/curriculo-uerj.pro.br\/wp-content\/uploads\/Evento-Irlanda-7-300x225.jpg);\"><\/div><h3>Maynooth University por Faperj y Capes PrInt ProPEd Uerj<\/h3>Investigadora brasile\u00f1a: Veronica Borges Investigadores colaboradores brasile\u00f1os: Viviane Peixoto (UERJ) y Hugo Costa (UFMT) Universidad visitada: Universidad Maynooth\/Irlanda Junio de 2019 &#8211; Presentaci\u00f3n de trabajo &#8211; Conferencia EuroACS-Universidad Maynooth\/Irlanda ABOUT US &#8211; EuroACS &nbsp;<\/li><\/a><\/ul><div class=\"clear\"><\/div>\n","protected":false},"excerpt":{"rendered":"","protected":false},"author":1,"featured_media":0,"parent":0,"menu_order":0,"comment_status":"closed","ping_status":"closed","template":"","meta":{"footnotes":""},"class_list":["post-172","page","type-page","status-publish","hentry"],"_links":{"self":[{"href":"https:\/\/curriculo-uerj.pro.br\/es\/wp-json\/wp\/v2\/pages\/172","targetHints":{"allow":["GET"]}}],"collection":[{"href":"https:\/\/curriculo-uerj.pro.br\/es\/wp-json\/wp\/v2\/pages"}],"about":[{"href":"https:\/\/curriculo-uerj.pro.br\/es\/wp-json\/wp\/v2\/types\/page"}],"author":[{"embeddable":true,"href":"https:\/\/curriculo-uerj.pro.br\/es\/wp-json\/wp\/v2\/users\/1"}],"replies":[{"embeddable":true,"href":"https:\/\/curriculo-uerj.pro.br\/es\/wp-json\/wp\/v2\/comments?post=172"}],"version-history":[{"count":5,"href":"https:\/\/curriculo-uerj.pro.br\/es\/wp-json\/wp\/v2\/pages\/172\/revisions"}],"predecessor-version":[{"id":312,"href":"https:\/\/curriculo-uerj.pro.br\/es\/wp-json\/wp\/v2\/pages\/172\/revisions\/312"}],"wp:attachment":[{"href":"https:\/\/curriculo-uerj.pro.br\/es\/wp-json\/wp\/v2\/media?parent=172"}],"curies":[{"name":"wp","href":"https:\/\/api.w.org\/{rel}","templated":true}]}}