




{"id":273,"date":"2019-08-15T21:40:26","date_gmt":"2019-08-16T00:40:26","guid":{"rendered":"http:\/\/curriculo-uerj.web278.uni5.net\/sitenovo\/?page_id=273"},"modified":"2019-08-15T21:40:26","modified_gmt":"2019-08-16T00:40:26","slug":"ola","status":"publish","type":"page","link":"https:\/\/curriculo-uerj.pro.br\/es\/ola\/","title":{"rendered":"Ol\u00e1"},"content":{"rendered":"<p class=\"qtranxs-available-languages-message qtranxs-available-languages-message-es\">Disculpa, pero esta entrada est\u00e1 disponible s\u00f3lo en <a href=\"https:\/\/curriculo-uerj.pro.br\/pb\/wp-json\/wp\/v2\/pages\/273\" class=\"qtranxs-available-language-link qtranxs-available-language-link-pb\" title=\"Portugu\u00eas do Brasil\">Portugu\u00eas do Brasil<\/a>. For the sake of viewer convenience, the content is shown below in the alternative language. You may click the link to switch the active language.<\/p><p>dsfdsfsd<\/p>","protected":false},"excerpt":{"rendered":"<p>Disculpa, pero esta entrada est\u00e1 disponible s\u00f3lo en Portugu\u00eas do Brasil. For the sake of viewer convenience, the content is shown below in the alternative language. You may click the link to switch the active language.dsfdsfsd<\/p>\n","protected":false},"author":2,"featured_media":0,"parent":0,"menu_order":0,"comment_status":"closed","ping_status":"closed","template":"","meta":{"footnotes":""},"class_list":["post-273","page","type-page","status-publish","hentry"],"_links":{"self":[{"href":"https:\/\/curriculo-uerj.pro.br\/es\/wp-json\/wp\/v2\/pages\/273","targetHints":{"allow":["GET"]}}],"collection":[{"href":"https:\/\/curriculo-uerj.pro.br\/es\/wp-json\/wp\/v2\/pages"}],"about":[{"href":"https:\/\/curriculo-uerj.pro.br\/es\/wp-json\/wp\/v2\/types\/page"}],"author":[{"embeddable":true,"href":"https:\/\/curriculo-uerj.pro.br\/es\/wp-json\/wp\/v2\/users\/2"}],"replies":[{"embeddable":true,"href":"https:\/\/curriculo-uerj.pro.br\/es\/wp-json\/wp\/v2\/comments?post=273"}],"version-history":[{"count":1,"href":"https:\/\/curriculo-uerj.pro.br\/es\/wp-json\/wp\/v2\/pages\/273\/revisions"}],"predecessor-version":[{"id":274,"href":"https:\/\/curriculo-uerj.pro.br\/es\/wp-json\/wp\/v2\/pages\/273\/revisions\/274"}],"wp:attachment":[{"href":"https:\/\/curriculo-uerj.pro.br\/es\/wp-json\/wp\/v2\/media?parent=273"}],"curies":[{"name":"wp","href":"https:\/\/api.w.org\/{rel}","templated":true}]}}