




{"id":6,"date":"2019-06-26T01:57:55","date_gmt":"2019-06-26T04:57:55","guid":{"rendered":"http:\/\/curriculo-uerj.web278.uni5.net\/sitenovo\/?page_id=6"},"modified":"2019-08-29T11:26:06","modified_gmt":"2019-08-29T14:26:06","slug":"livros","status":"publish","type":"page","link":"https:\/\/curriculo-uerj.pro.br\/es\/livros\/","title":{"rendered":"Libros"},"content":{"rendered":"<ul class=\"lista biblioteca\"><a href=\"https:\/\/curriculo-uerj.pro.br\/es\/livros\/analisando-alternativas-para-o-ensino-de-ciencias-naturais-uma-abordagem-pos-estruturalista\/\"><li><div class=\"thumb\" style=\"background-image: url(https:\/\/curriculo-uerj.pro.br\/wp-content\/uploads\/sem-titulo-200x300.jpg);\"><\/div><h3>Analisando Alternativas para o Ensino de Ci\u00eancias Naturais: uma abordagem p\u00f3s-estruturalista<\/h3><\/li><\/a><a href=\"https:\/\/curriculo-uerj.pro.br\/es\/livros\/1510\/\"><li><div class=\"thumb\" style=\"background-image: url(https:\/\/curriculo-uerj.pro.br\/wp-content\/uploads\/pereira_bastos-198x300.png);\"><\/div><h3><\/h3><\/li><\/a><a href=\"https:\/\/curriculo-uerj.pro.br\/es\/livros\/curriculo-politica-e-cultura-conversas-entre-brasil-e-portugal\/\"><li><div class=\"thumb\" style=\"background-image: url(https:\/\/curriculo-uerj.pro.br\/wp-content\/uploads\/curriculopolitica-198x300.jpg);\"><\/div><h3>Curr\u00edculo, pol\u00edtica e cultura: conversas entre Brasil e Portugal<\/h3><\/li><\/a><a href=\"https:\/\/curriculo-uerj.pro.br\/es\/livros\/curriculo-e-diferenca-afetacoes-em-movimento\/\"><li><div class=\"thumb\" style=\"background-image: url(https:\/\/curriculo-uerj.pro.br\/wp-content\/uploads\/livrocurriculo-200x300.jpg);\"><\/div><h3>Curr\u00edculo e Diferen\u00e7a: afeta\u00e7\u00f5es em movimento<\/h3><\/li><\/a><a href=\"https:\/\/curriculo-uerj.pro.br\/es\/livros\/avaliar-para-aprender-no-brasil-e-em-portugal-perspectivas-teoricas-praticas-e-de-desenvolvimento\/\"><li><div class=\"thumb\" style=\"background-image: url(https:\/\/curriculo-uerj.pro.br\/wp-content\/uploads\/livro.jpg);\"><\/div><h3>Avaliar para aprender no Brasil e em Portugal: perspectivas te\u00f3ricas, pr\u00e1ticas e de desenvolvimento<\/h3><\/li><\/a><a href=\"https:\/\/curriculo-uerj.pro.br\/es\/livros\/abordagens-teoricas-e-metodologicas-nas-pesquisas-em-educacao-matematica\/\"><li><div class=\"thumb\" style=\"background-image: url(https:\/\/curriculo-uerj.pro.br\/wp-content\/uploads\/capa_abordagens-214x300.png);\"><\/div><h3>Abordagens Te\u00f3ricas e Metodol\u00f3gicas nas Pesquisas em Educa\u00e7\u00e3o Matem\u00e1tica<\/h3><\/li><\/a><a href=\"https:\/\/curriculo-uerj.pro.br\/es\/livros\/politicas-de-avaliacao-curriculo-e-qualidade-dialogos-sobre-o-pisa\/\"><li><div class=\"thumb\" style=\"background-image: url(https:\/\/curriculo-uerj.pro.br\/wp-content\/uploads\/livro-pisa-209x300.jpg);\"><\/div><h3>Pol\u00edticas de Avalia\u00e7\u00e3o, Curr\u00edculo e Qualidade: Di\u00e1logos sobre o Pisa<\/h3><\/li><\/a><a href=\"https:\/\/curriculo-uerj.pro.br\/es\/livros\/mathematics-education-in-brazil-panorama-of-current-research\/\"><li><div class=\"thumb\" style=\"background-image: url(https:\/\/curriculo-uerj.pro.br\/wp-content\/uploads\/livro-math-education-in-brazil-199x300.jpg);\"><\/div><h3>Mathematics Education in Brazil &#8211; Panorama of Current Research<\/h3><\/li><\/a><a href=\"https:\/\/curriculo-uerj.pro.br\/es\/livros\/os-generos-da-escola-e-o-impossivel-silenciamento-da-diferenca-no-curriculo\/\"><li><div class=\"thumb\" style=\"background-image: url(https:\/\/curriculo-uerj.pro.br\/wp-content\/uploads\/2019\/07\/Os-g\u00eaneros-da-escola-Capa.jpg);\"><\/div><h3>Os g\u00eaneros da escola e o (im)poss\u00edvel silenciamento da diferen\u00e7a no curr\u00edculo<\/h3><\/li><\/a><a href=\"https:\/\/curriculo-uerj.pro.br\/es\/livros\/a-teoria-do-discurso-na-pesquisa-em-educacao-possibilidades-teorico-estrategicas\/\"><li><div class=\"thumb\" style=\"background-image: url(https:\/\/curriculo-uerj.pro.br\/wp-content\/uploads\/capa-a-teoria-do-discurso-na-pesquisa-em-educac\u0327a\u0303o.jpg);\"><\/div><h3>A teoria do discurso na pesquisa em Educa\u00e7\u00e3o: possibilidades te\u00f3rico-estrat\u00e9gicas<\/h3><\/li><\/a><a href=\"https:\/\/curriculo-uerj.pro.br\/es\/livros\/pensando-a-politica-com-derrida-responsabilidade-traducao-porvir\/\"><li><div class=\"thumb\" style=\"background-image: url(https:\/\/curriculo-uerj.pro.br\/wp-content\/uploads\/Pensando-a-pol\u00edtica-com-Derrida-209x300.jpg);\"><\/div><h3>Pensando a Pol\u00edtica com Derrida. Responsabilidade, Tradu\u00e7\u00e3o, Porvir<\/h3><\/li><\/a><a href=\"https:\/\/curriculo-uerj.pro.br\/es\/livros\/curriculo-sexualidade-e-acao-docente\/\"><li><div class=\"thumb\" style=\"background-image: url(https:\/\/curriculo-uerj.pro.br\/wp-content\/uploads\/Curr\u00edculo-sexualidade-e-a\u00e7\u00e3o-docente.jpg);\"><\/div><h3>Curr\u00edculo, Sexualidade e A\u00e7\u00e3o Docente<\/h3><\/li><\/a><a href=\"https:\/\/curriculo-uerj.pro.br\/es\/livros\/curriculo-e-formacao-de-professores-sobre-fronteiras-e-atravessamentos\/\"><li><div class=\"thumb\" style=\"background-image: url(https:\/\/curriculo-uerj.pro.br\/wp-content\/uploads\/CURR\u00cdCULO-E-FORMA\u00c7\u00c3O-DE-PROFESSORES-sobre-fronteiras-e-atravessamentos-200x300.jpg);\"><\/div><h3>Curr\u00edculo e Forma\u00e7\u00e3o de Professores: Sobre Fronteiras e Atravessamentos<\/h3><\/li><\/a><a href=\"https:\/\/curriculo-uerj.pro.br\/es\/livros\/politicas-de-curriculo-pesquisas-e-articulacoes-discursivas\/\"><li><div class=\"thumb\" style=\"background-image: url(https:\/\/curriculo-uerj.pro.br\/wp-content\/uploads\/POL\u00cdTICAS-DE-CURR\u00cdCULO-pesquisas-e-articula\u00e7\u00f5es-discursivas.jpg);\"><\/div><h3>Pol\u00edticas de Curr\u00edculo: Pesquisas e Articula\u00e7\u00f5es Discursivas<\/h3><\/li><\/a><a href=\"https:\/\/curriculo-uerj.pro.br\/es\/livros\/curriculo-formacao-e-avaliacao-redes-de-pesquisas-em-negociacao\/\"><li><div class=\"thumb\" style=\"background-image: url(https:\/\/curriculo-uerj.pro.br\/wp-content\/uploads\/CURR\u00cdCULO-FORMA\u00c7\u00c3O-E-AVALIA\u00c7\u00c3O-redes-de-pesquisas-em-negocia\u00e7\u00e3o-205x300.jpg);\"><\/div><h3>Curr\u00edculo, Forma\u00e7\u00e3o e Avalia\u00e7\u00e3o: Redes de Pesquisas em Negocia\u00e7\u00e3o<\/h3><\/li><\/a><a href=\"https:\/\/curriculo-uerj.pro.br\/es\/livros\/politicas-curriculares-coordenacao-pedagogica-e-escoladesvios-passagens-e-negociacoes\/\"><li><div class=\"thumb\" style=\"background-image: url(https:\/\/curriculo-uerj.pro.br\/wp-content\/uploads\/Pol\u00edticas-curriculares-coordena\u00e7\u00e3o-pedag\u00f3gica-e-escola-desvios-passagens-e-negocia\u00e7\u00f5es.-201x300.jpg);\"><\/div><h3>Pol\u00edticas curriculares, coordena\u00e7\u00e3o pedag\u00f3gica e escola:desvios, passagens e negocia\u00e7\u00f5es.<\/h3><\/li><\/a><a href=\"https:\/\/curriculo-uerj.pro.br\/es\/livros\/dalogos-curriculares-entre-mexico-y-brasil\/\"><li><div class=\"thumb\" style=\"background-image: url(https:\/\/curriculo-uerj.pro.br\/wp-content\/uploads\/dalogos_cu_39-202x300.jpg);\"><\/div><h3>D\u00e1logos Curriculares Entre M\u00e9xico y Brasil<\/h3><\/li><\/a><a href=\"https:\/\/curriculo-uerj.pro.br\/es\/livros\/a-teoria-do-discurso-de-ernesto-laclau-ensaios-criticos-e-entrevistas\/\"><li><div class=\"thumb\" style=\"background-image: url(https:\/\/curriculo-uerj.pro.br\/wp-content\/uploads\/A-Teoria-do-Discurso-de-Ernesto-Laclau-Ensaios-Cr\u00edticos-e-Entrevistas.jpg);\"><\/div><h3>A Teoria do Discurso de Ernesto Laclau: Ensaios Cr\u00edticos e Entrevistas<\/h3><\/li><\/a><a href=\"https:\/\/curriculo-uerj.pro.br\/es\/livros\/dialogos-curriculares-entre-brasil-e-mexico\/\"><li><div class=\"thumb\" style=\"background-image: url(https:\/\/curriculo-uerj.pro.br\/wp-content\/uploads\/D\u00e1logos-curriculares-entre-M\u00e9xico-y-Brasil.jpg);\"><\/div><h3>Di\u00e1logos Curriculares entre Brasil e M\u00e9xico<\/h3><\/li><\/a><a href=\"https:\/\/curriculo-uerj.pro.br\/es\/livros\/curriculo-politicas-e-acao-docente\/\"><li><div class=\"thumb\" style=\"background-image: url(https:\/\/curriculo-uerj.pro.br\/wp-content\/uploads\/Curr\u00edculo-Pol\u00edticas-e-A\u00e7\u00e3o-Docente.jpg);\"><\/div><h3>Curr\u00edculo, Pol\u00edticas e A\u00e7\u00e3o Docente<\/h3><\/li><\/a><a href=\"https:\/\/curriculo-uerj.pro.br\/es\/livros\/discursos-nas-politicas-de-curriculo\/\"><li><div class=\"thumb\" style=\"background-image: url(https:\/\/curriculo-uerj.pro.br\/wp-content\/uploads\/Discursos-nas-Pol\u00edticas-de-Curr\u00edculo-199x300.jpg);\"><\/div><h3>Discursos nas Pol\u00edticas de Curr\u00edculo<\/h3><\/li><\/a><a href=\"https:\/\/curriculo-uerj.pro.br\/es\/livros\/teorias-de-curriculo\/\"><li><div class=\"thumb\" style=\"background-image: url(https:\/\/curriculo-uerj.pro.br\/wp-content\/uploads\/Teorias-de-Curr\u00edculo-300x300.jpg);\"><\/div><h3>Teorias de Curr\u00edculo<\/h3><\/li><\/a><a href=\"https:\/\/curriculo-uerj.pro.br\/es\/livros\/questoes-de-curriculo-e-trabalho-docente\/\"><li><div class=\"thumb\" style=\"background-image: url(https:\/\/curriculo-uerj.pro.br\/wp-content\/uploads\/Quest\u00f5es-de-Curr\u00edculo-e-Trabalho-Docente-191x300.jpg);\"><\/div><h3>Quest\u00f5es de Curr\u00edculo e Trabalho Docente<\/h3><\/li><\/a><a href=\"https:\/\/curriculo-uerj.pro.br\/es\/livros\/politicas-educativas-e-dinamicas-curriculares-no-brasil-e-em-portugal\/\"><li><div class=\"thumb\" style=\"background-image: url(https:\/\/curriculo-uerj.pro.br\/wp-content\/uploads\/Pol\u00edticas-educativas-e-din\u00e2micas-curriculares-no-Brasil-e-em-Portugal.jpg);\"><\/div><h3>Pol\u00edticas Educativas e Din\u00e2micas Curriculares no Brasil e em Portugal<\/h3><\/li><\/a><a href=\"https:\/\/curriculo-uerj.pro.br\/es\/livros\/politicas-educativas-e-dinamicas-curriculares-em-portugal-e-no-brasil\/\"><li><div class=\"thumb\" style=\"background-image: url(https:\/\/curriculo-uerj.pro.br\/wp-content\/uploads\/Pol\u00edticas-educativas-e-din\u00e2micas-curriculares-em-Portugal-e-no-Brasil.jpg);\"><\/div><h3>Pol\u00edticas Educativas e Din\u00e2micas Curriculares em Portugal e no Brasil<\/h3><\/li><\/a><a href=\"https:\/\/curriculo-uerj.pro.br\/es\/livros\/politicas-de-curriculo-no-brasil-e-em-portugal\/\"><li><div class=\"thumb\" style=\"background-image: url(https:\/\/curriculo-uerj.pro.br\/wp-content\/uploads\/2019\/07\/Pol\u00edticas-de-curr\u00edculo-183x300.jpg);\"><\/div><h3>Pol\u00edticas de Curr\u00edculo no Brasil e em Portugal<\/h3><\/li><\/a><a href=\"https:\/\/curriculo-uerj.pro.br\/es\/livros\/politicas-de-integracao-curricular\/\"><li><div class=\"thumb\" style=\"background-image: url(https:\/\/curriculo-uerj.pro.br\/wp-content\/uploads\/Pol\u00edticas-de-Integra\u00e7\u00e3o-Curricular-200x300.jpg);\"><\/div><h3>Pol\u00edticas de Integra\u00e7\u00e3o Curricular<\/h3><\/li><\/a><a href=\"https:\/\/curriculo-uerj.pro.br\/es\/livros\/curriculo-e-epistemologia\/\"><li><div class=\"thumb\" style=\"background-image: url(https:\/\/curriculo-uerj.pro.br\/wp-content\/uploads\/Curr\u00edculo-e-Epistemologia.jpg);\"><\/div><h3>Curr\u00edculo e Epistemologia<\/h3><\/li><\/a><a href=\"https:\/\/curriculo-uerj.pro.br\/es\/livros\/cultura-e-politica-de-curriculo\/\"><li><div class=\"thumb\" style=\"background-image: url(https:\/\/curriculo-uerj.pro.br\/wp-content\/uploads\/Cultura-e-pol\u00edtica-de-curr\u00edculo.jpg);\"><\/div><h3>Cultura e Pol\u00edtica de Curr\u00edculo<\/h3><\/li><\/a><a href=\"https:\/\/curriculo-uerj.pro.br\/es\/livros\/curriculo-da-educacao-basica-1996-2002-serie-estado-do-conhecimento\/\"><li><div class=\"thumb\" style=\"background-image: url(https:\/\/curriculo-uerj.pro.br\/wp-content\/uploads\/Curr\u00edculo-da-Educa\u00e7\u00e3o-B\u00e1sica-1996-2002.png);\"><\/div><h3>Curr\u00edculo da Educa\u00e7\u00e3o B\u00e1sica (1996-2002) &#8211; S\u00e9rie Estado do Conhecimento<\/h3><\/li><\/a><a href=\"https:\/\/curriculo-uerj.pro.br\/es\/livros\/politicas-de-curriculo-em-multiplos-contextos\/\"><li><div class=\"thumb\" style=\"background-image: url(https:\/\/curriculo-uerj.pro.br\/wp-content\/uploads\/Pol\u00edticas-de-curr\u00edculo-em-m\u00faltiplos-contextos-201x300.jpg);\"><\/div><h3>Pol\u00edticas de Curr\u00edculo em M\u00faltiplos Contextos<\/h3><\/li><\/a><a href=\"https:\/\/curriculo-uerj.pro.br\/es\/livros\/sociologia-para-educadores-2\/\"><li><div class=\"thumb\" style=\"background-image: url(https:\/\/curriculo-uerj.pro.br\/wp-content\/uploads\/Sociologia-para-educadores-2-200x300.jpg);\"><\/div><h3>Sociologia para Educadores 2<\/h3><\/li><\/a><a href=\"https:\/\/curriculo-uerj.pro.br\/es\/livros\/curriculo-de-ciencias-em-debate\/\"><li><div class=\"thumb\" style=\"background-image: url(https:\/\/curriculo-uerj.pro.br\/wp-content\/uploads\/Curr\u00edculo-de-ci\u00eancias-em-debate-200x300.jpg);\"><\/div><h3>Curr\u00edculo de Ci\u00eancias em Debate<\/h3><\/li><\/a><a href=\"https:\/\/curriculo-uerj.pro.br\/es\/livros\/pesquisando-a-formacao-de-professores\/\"><li><div class=\"thumb\" style=\"background-image: url(https:\/\/curriculo-uerj.pro.br\/wp-content\/uploads\/Pesquisando-a-forma\u00e7\u00e3o-de-professores-202x300.jpg);\"><\/div><h3>Pesquisando a Forma\u00e7\u00e3o de Professores<\/h3><\/li><\/a><a href=\"https:\/\/curriculo-uerj.pro.br\/es\/livros\/curriculo-praticas-pedagogicas-e-identidades\/\"><li><div class=\"thumb\" style=\"background-image: url(https:\/\/curriculo-uerj.pro.br\/wp-content\/uploads\/Curr\u00edculo-pr\u00e1ticas-pedag\u00f3gicas-e-identidades.jpg);\"><\/div><h3>Curr\u00edculo, Pr\u00e1ticas Pedag\u00f3gicas e Identidades<\/h3><\/li><\/a><a href=\"https:\/\/curriculo-uerj.pro.br\/es\/livros\/sociedade-e-pesquisa-a-americanizacao-do-ensino-elementar-no-brasil\/\"><li><div class=\"thumb\" style=\"background-image: url(https:\/\/curriculo-uerj.pro.br\/wp-content\/uploads\/Sociedade-e-Pesquisa.jpg);\"><\/div><h3>Sociedade e Pesquisa: A americaniza\u00e7\u00e3o do ensino elementar no Brasil<\/h3><\/li><\/a><a href=\"https:\/\/curriculo-uerj.pro.br\/es\/livros\/curriculo-debates-contemporaneos\/\"><li><div class=\"thumb\" style=\"background-image: url(https:\/\/curriculo-uerj.pro.br\/wp-content\/uploads\/Curr\u00edculo-debates-contempor\u00e2neos-202x300.jpg);\"><\/div><h3>Curr\u00edculo: Debates Contempor\u00e2neos<\/h3><\/li><\/a><a href=\"https:\/\/curriculo-uerj.pro.br\/es\/livros\/criar-curriculo-no-cotidiano\/\"><li><div class=\"thumb\" style=\"background-image: url(https:\/\/curriculo-uerj.pro.br\/wp-content\/uploads\/Criar-curr\u00edculo-no-cotidiano-201x300.jpg);\"><\/div><h3>Criar Curr\u00edculo no Cotidiano<\/h3><\/li><\/a><a href=\"https:\/\/curriculo-uerj.pro.br\/es\/livros\/disciplinas-e-integracao-curricular-historias-e-politicas\/\"><li><div class=\"thumb\" style=\"background-image: url(https:\/\/curriculo-uerj.pro.br\/wp-content\/uploads\/Disciplinas-e-integra\u00e7\u00e3o-curricular-hist\u00f3rias-e-pol\u00edticas.jpg);\"><\/div><h3>Disciplinas e Integra\u00e7\u00e3o Curricular: Hist\u00f3rias e Pol\u00edticas<\/h3><\/li><\/a><a href=\"https:\/\/curriculo-uerj.pro.br\/es\/livros\/sociologia-para-educadores\/\"><li><div class=\"thumb\" style=\"background-image: url(https:\/\/curriculo-uerj.pro.br\/wp-content\/uploads\/Sociologia-para-Educadores-200x300.png);\"><\/div><h3>Sociologia para Educadores<\/h3><\/li><\/a><a href=\"https:\/\/curriculo-uerj.pro.br\/es\/livros\/conhecimento-escolar-ciencia-e-cotidiano\/\"><li><div class=\"thumb\" style=\"background-image: url(https:\/\/curriculo-uerj.pro.br\/wp-content\/uploads\/Conhecimento-escolar-ci\u00eancia-e-cotidiano.jpg);\"><\/div><h3>Conhecimento Escolar: Ci\u00eancia e Cotidiano<\/h3><\/li><\/a><a href=\"https:\/\/curriculo-uerj.pro.br\/es\/livros\/o-olhar-que-nao-quer-ver-historias-da-escola\/\"><li><div class=\"thumb\" style=\"background-image: url(https:\/\/curriculo-uerj.pro.br\/wp-content\/uploads\/O-olhar-que-n\u00e3o-quer-ver-198x300.jpg);\"><\/div><h3>O Olhar que n\u00e3o quer Ver: Hist\u00f3rias da Escola<\/h3><\/li><\/a><\/ul><div class=\"clear\"><\/div>\n","protected":false},"excerpt":{"rendered":"","protected":false},"author":1,"featured_media":291,"parent":0,"menu_order":0,"comment_status":"closed","ping_status":"closed","template":"","meta":{"footnotes":""},"class_list":["post-6","page","type-page","status-publish","has-post-thumbnail","hentry"],"_links":{"self":[{"href":"https:\/\/curriculo-uerj.pro.br\/es\/wp-json\/wp\/v2\/pages\/6","targetHints":{"allow":["GET"]}}],"collection":[{"href":"https:\/\/curriculo-uerj.pro.br\/es\/wp-json\/wp\/v2\/pages"}],"about":[{"href":"https:\/\/curriculo-uerj.pro.br\/es\/wp-json\/wp\/v2\/types\/page"}],"author":[{"embeddable":true,"href":"https:\/\/curriculo-uerj.pro.br\/es\/wp-json\/wp\/v2\/users\/1"}],"replies":[{"embeddable":true,"href":"https:\/\/curriculo-uerj.pro.br\/es\/wp-json\/wp\/v2\/comments?post=6"}],"version-history":[{"count":3,"href":"https:\/\/curriculo-uerj.pro.br\/es\/wp-json\/wp\/v2\/pages\/6\/revisions"}],"predecessor-version":[{"id":309,"href":"https:\/\/curriculo-uerj.pro.br\/es\/wp-json\/wp\/v2\/pages\/6\/revisions\/309"}],"wp:featuredmedia":[{"embeddable":true,"href":"https:\/\/curriculo-uerj.pro.br\/es\/wp-json\/wp\/v2\/media\/291"}],"wp:attachment":[{"href":"https:\/\/curriculo-uerj.pro.br\/es\/wp-json\/wp\/v2\/media?parent=6"}],"curies":[{"name":"wp","href":"https:\/\/api.w.org\/{rel}","templated":true}]}}