




{"id":60,"date":"2019-08-12T15:34:59","date_gmt":"2019-08-12T18:34:59","guid":{"rendered":"http:\/\/curriculo-uerj.web278.uni5.net\/sitenovo\/?page_id=60"},"modified":"2019-09-12T18:50:02","modified_gmt":"2019-09-12T21:50:02","slug":"home","status":"publish","type":"page","link":"https:\/\/curriculo-uerj.pro.br\/es\/","title":{"rendered":"Home"},"content":{"rendered":"<p><div id='gallery-3' class='gallery galleryid-60 gallery-columns-4 gallery-size-thumbnail'><figure class='gallery-item'>\n\t\t\t<div class='gallery-icon landscape'>\n\t\t\t\t<a href='https:\/\/curriculo-uerj.pro.br\/es\/home\/vinda-gloria-frente-da-uerj\/'><img loading=\"lazy\" decoding=\"async\" width=\"150\" height=\"150\" src=\"https:\/\/curriculo-uerj.pro.br\/wp-content\/uploads\/2019\/08\/Vinda-Gloria-frente-da-Uerj-150x150.jpg\" class=\"attachment-thumbnail size-thumbnail\" alt=\"\" \/><\/a>\n\t\t\t<\/div><\/figure><figure class='gallery-item'>\n\t\t\t<div class='gallery-icon landscape'>\n\t\t\t\t<a href='https:\/\/curriculo-uerj.pro.br\/es\/home\/xviii-endipe-cuiaba-2016\/'><img loading=\"lazy\" decoding=\"async\" width=\"150\" height=\"150\" src=\"https:\/\/curriculo-uerj.pro.br\/wp-content\/uploads\/2019\/08\/XVIII-Endipe-Cuiab\u00e1-2016-150x150.jpeg\" class=\"attachment-thumbnail size-thumbnail\" alt=\"\" \/><\/a>\n\t\t\t<\/div><\/figure><figure class='gallery-item'>\n\t\t\t<div class='gallery-icon landscape'>\n\t\t\t\t<a href='https:\/\/curriculo-uerj.pro.br\/es\/home\/_niver-lourdes-tura\/'><img loading=\"lazy\" decoding=\"async\" width=\"150\" height=\"150\" src=\"https:\/\/curriculo-uerj.pro.br\/wp-content\/uploads\/2019\/08\/Niver-Lourdes-Tura-150x150.jpg\" class=\"attachment-thumbnail size-thumbnail\" alt=\"\" \/><\/a>\n\t\t\t<\/div><\/figure><figure class='gallery-item'>\n\t\t\t<div class='gallery-icon landscape'>\n\t\t\t\t<a href='https:\/\/curriculo-uerj.pro.br\/es\/home\/2-ufpel-maio-2019-ed\/'><img loading=\"lazy\" decoding=\"async\" width=\"150\" height=\"150\" src=\"https:\/\/curriculo-uerj.pro.br\/wp-content\/uploads\/2019\/08\/2-UFPEL-maio-2019-ed-150x150.jpg\" class=\"attachment-thumbnail size-thumbnail\" alt=\"\" \/><\/a>\n\t\t\t<\/div><\/figure><figure class='gallery-item'>\n\t\t\t<div class='gallery-icon landscape'>\n\t\t\t\t<a href='https:\/\/curriculo-uerj.pro.br\/es\/home\/ufpel-2017\/'><img loading=\"lazy\" decoding=\"async\" width=\"150\" height=\"150\" src=\"https:\/\/curriculo-uerj.pro.br\/wp-content\/uploads\/2019\/08\/Ufpel-2017-150x150.jpeg\" class=\"attachment-thumbnail size-thumbnail\" alt=\"\" \/><\/a>\n\t\t\t<\/div><\/figure><figure class='gallery-item'>\n\t\t\t<div class='gallery-icon landscape'>\n\t\t\t\t<a href='https:\/\/curriculo-uerj.pro.br\/es\/home\/dsc06275\/'><img loading=\"lazy\" decoding=\"async\" width=\"150\" height=\"150\" src=\"https:\/\/curriculo-uerj.pro.br\/wp-content\/uploads\/dsc06275-150x150.jpg\" class=\"attachment-thumbnail size-thumbnail\" alt=\"\" \/><\/a>\n\t\t\t<\/div><\/figure><figure class='gallery-item'>\n\t\t\t<div class='gallery-icon landscape'>\n\t\t\t\t<a href='https:\/\/curriculo-uerj.pro.br\/es\/home\/dsc06274\/'><img loading=\"lazy\" decoding=\"async\" width=\"150\" height=\"150\" src=\"https:\/\/curriculo-uerj.pro.br\/wp-content\/uploads\/dsc06274-150x150.jpg\" class=\"attachment-thumbnail size-thumbnail\" alt=\"\" \/><\/a>\n\t\t\t<\/div><\/figure><figure class='gallery-item'>\n\t\t\t<div class='gallery-icon landscape'>\n\t\t\t\t<a href='https:\/\/curriculo-uerj.pro.br\/es\/home\/dsc00104\/'><img loading=\"lazy\" decoding=\"async\" width=\"150\" height=\"150\" src=\"https:\/\/curriculo-uerj.pro.br\/wp-content\/uploads\/dsc00104-150x150.jpg\" class=\"attachment-thumbnail size-thumbnail\" alt=\"\" \/><\/a>\n\t\t\t<\/div><\/figure><figure class='gallery-item'>\n\t\t\t<div class='gallery-icon landscape'>\n\t\t\t\t<a href='https:\/\/curriculo-uerj.pro.br\/es\/home\/iaacs-melbourne-2018-3-2\/'><img loading=\"lazy\" decoding=\"async\" width=\"150\" height=\"150\" src=\"https:\/\/curriculo-uerj.pro.br\/wp-content\/uploads\/iaacs-melbourne-2018-3-1-150x150.jpg\" class=\"attachment-thumbnail size-thumbnail\" alt=\"\" srcset=\"https:\/\/curriculo-uerj.pro.br\/wp-content\/uploads\/iaacs-melbourne-2018-3-1-150x150.jpg 150w, https:\/\/curriculo-uerj.pro.br\/wp-content\/uploads\/iaacs-melbourne-2018-3-1-300x300.jpg 300w, https:\/\/curriculo-uerj.pro.br\/wp-content\/uploads\/iaacs-melbourne-2018-3-1-768x768.jpg 768w, https:\/\/curriculo-uerj.pro.br\/wp-content\/uploads\/iaacs-melbourne-2018-3-1.jpg 1024w\" sizes=\"auto, (max-width: 150px) 100vw, 150px\" \/><\/a>\n\t\t\t<\/div><\/figure><figure class='gallery-item'>\n\t\t\t<div class='gallery-icon landscape'>\n\t\t\t\t<a href='https:\/\/curriculo-uerj.pro.br\/es\/home\/iaacs-melbourne-2018-2-2\/'><img loading=\"lazy\" decoding=\"async\" width=\"150\" height=\"150\" src=\"https:\/\/curriculo-uerj.pro.br\/wp-content\/uploads\/iaacs-melbourne-2018-2-1-150x150.jpg\" class=\"attachment-thumbnail size-thumbnail\" alt=\"\" \/><\/a>\n\t\t\t<\/div><\/figure><figure class='gallery-item'>\n\t\t\t<div class='gallery-icon landscape'>\n\t\t\t\t<a href='https:\/\/curriculo-uerj.pro.br\/es\/home\/foto-na-unam\/'><img loading=\"lazy\" decoding=\"async\" width=\"150\" height=\"150\" src=\"https:\/\/curriculo-uerj.pro.br\/wp-content\/uploads\/foto-na-unam-150x150.jpg\" class=\"attachment-thumbnail size-thumbnail\" alt=\"\" srcset=\"https:\/\/curriculo-uerj.pro.br\/wp-content\/uploads\/foto-na-unam-150x150.jpg 150w, https:\/\/curriculo-uerj.pro.br\/wp-content\/uploads\/foto-na-unam-300x300.jpg 300w, https:\/\/curriculo-uerj.pro.br\/wp-content\/uploads\/foto-na-unam-768x768.jpg 768w, https:\/\/curriculo-uerj.pro.br\/wp-content\/uploads\/foto-na-unam.jpg 960w\" sizes=\"auto, (max-width: 150px) 100vw, 150px\" \/><\/a>\n\t\t\t<\/div><\/figure><figure class='gallery-item'>\n\t\t\t<div class='gallery-icon landscape'>\n\t\t\t\t<a href='https:\/\/curriculo-uerj.pro.br\/es\/home\/foto-com-janet-miller\/'><img loading=\"lazy\" decoding=\"async\" width=\"150\" height=\"150\" src=\"https:\/\/curriculo-uerj.pro.br\/wp-content\/uploads\/foto-com-janet-miller-150x150.jpg\" class=\"attachment-thumbnail size-thumbnail\" alt=\"\" \/><\/a>\n\t\t\t<\/div><\/figure><figure class='gallery-item'>\n\t\t\t<div class='gallery-icon landscape'>\n\t\t\t\t<a href='https:\/\/curriculo-uerj.pro.br\/es\/home\/foto-beth-e-cristiane\/'><img loading=\"lazy\" decoding=\"async\" width=\"150\" height=\"150\" src=\"https:\/\/curriculo-uerj.pro.br\/wp-content\/uploads\/foto-beth-e-cristiane-150x150.jpg\" class=\"attachment-thumbnail size-thumbnail\" alt=\"\" \/><\/a>\n\t\t\t<\/div><\/figure><figure class='gallery-item'>\n\t\t\t<div class='gallery-icon landscape'>\n\t\t\t\t<a href='https:\/\/curriculo-uerj.pro.br\/es\/home\/foto-alice-e-beth\/'><img loading=\"lazy\" decoding=\"async\" width=\"150\" height=\"150\" src=\"https:\/\/curriculo-uerj.pro.br\/wp-content\/uploads\/foto-alice-e-beth-150x150.jpg\" class=\"attachment-thumbnail size-thumbnail\" alt=\"\" \/><\/a>\n\t\t\t<\/div><\/figure><figure class='gallery-item'>\n\t\t\t<div class='gallery-icon landscape'>\n\t\t\t\t<a href='https:\/\/curriculo-uerj.pro.br\/es\/home\/co-mdomingos-fernandes-no-proped\/'><img loading=\"lazy\" decoding=\"async\" width=\"150\" height=\"150\" src=\"https:\/\/curriculo-uerj.pro.br\/wp-content\/uploads\/co-mdomingos-fernandes-no-proped-150x150.jpg\" class=\"attachment-thumbnail size-thumbnail\" alt=\"\" \/><\/a>\n\t\t\t<\/div><\/figure><figure class='gallery-item'>\n\t\t\t<div class='gallery-icon landscape'>\n\t\t\t\t<a href='https:\/\/curriculo-uerj.pro.br\/es\/home\/raquelgrpesq-2019\/'><img loading=\"lazy\" decoding=\"async\" width=\"150\" height=\"150\" src=\"https:\/\/curriculo-uerj.pro.br\/wp-content\/uploads\/raquelgrpesq-2019-150x150.jpg\" class=\"attachment-thumbnail size-thumbnail\" alt=\"\" \/><\/a>\n\t\t\t<\/div><\/figure>\n\t\t<\/div>\n<\/p>\n<p>Esta l\u00ednea se caracteriza por articular investigaciones en el campo del curr\u00edculo, poniendo de relieve las discusiones sobre pol\u00edticas y pr\u00e1cticas curriculares. Incluye cuestiones sobre el conocimiento, la cultura, los sujetos de la escuela, las tecnolog\u00edas y la sociedad. Integra estudios cr\u00edticos y post estructurales, con \u00e9nfasis en abordajes discursivos.\u00a0Por su importancia para el campo, la ense\u00f1anza b\u00e1sica y la formaci\u00f3n de profesores han sido objeto de estudios privilegiados.<\/p>","protected":false},"excerpt":{"rendered":"<p>Esta l\u00ednea se caracteriza por articular investigaciones en el campo del curr\u00edculo, poniendo de relieve las discusiones sobre pol\u00edticas y pr\u00e1cticas curriculares. Incluye cuestiones sobre el conocimiento, la cultura, los sujetos de la escuela, las tecnolog\u00edas y la sociedad. Integra estudios cr\u00edticos y post estructurales, con \u00e9nfasis en abordajes discursivos.\u00a0Por su importancia para el campo, [&hellip;]<\/p>\n","protected":false},"author":1,"featured_media":0,"parent":0,"menu_order":0,"comment_status":"closed","ping_status":"closed","template":"","meta":{"footnotes":""},"class_list":["post-60","page","type-page","status-publish","hentry"],"_links":{"self":[{"href":"https:\/\/curriculo-uerj.pro.br\/es\/wp-json\/wp\/v2\/pages\/60","targetHints":{"allow":["GET"]}}],"collection":[{"href":"https:\/\/curriculo-uerj.pro.br\/es\/wp-json\/wp\/v2\/pages"}],"about":[{"href":"https:\/\/curriculo-uerj.pro.br\/es\/wp-json\/wp\/v2\/types\/page"}],"author":[{"embeddable":true,"href":"https:\/\/curriculo-uerj.pro.br\/es\/wp-json\/wp\/v2\/users\/1"}],"replies":[{"embeddable":true,"href":"https:\/\/curriculo-uerj.pro.br\/es\/wp-json\/wp\/v2\/comments?post=60"}],"version-history":[{"count":18,"href":"https:\/\/curriculo-uerj.pro.br\/es\/wp-json\/wp\/v2\/pages\/60\/revisions"}],"predecessor-version":[{"id":1438,"href":"https:\/\/curriculo-uerj.pro.br\/es\/wp-json\/wp\/v2\/pages\/60\/revisions\/1438"}],"wp:attachment":[{"href":"https:\/\/curriculo-uerj.pro.br\/es\/wp-json\/wp\/v2\/media?parent=60"}],"curies":[{"name":"wp","href":"https:\/\/api.w.org\/{rel}","templated":true}]}}